{"id":25961766,"date":"2024-10-08T14:31:58","date_gmt":"2024-10-08T12:31:58","guid":{"rendered":"https:\/\/abp-international.de\/pie-de-imprenta\/"},"modified":"2024-10-30T08:44:43","modified_gmt":"2024-10-30T07:44:43","slug":"pie-de-imprenta","status":"publish","type":"page","link":"https:\/\/abp-international.de\/es\/pie-de-imprenta\/","title":{"rendered":"Pie de imprenta"},"content":{"rendered":"<p>[et_pb_section fb_built=\u00bb1&#8243; _builder_version=\u00bb4.27.2&#8243; _module_preset=\u00bbdefault\u00bb custom_padding=\u00bb20px||||false|false\u00bb global_colors_info=\u00bb{}\u00bb][et_pb_row _builder_version=\u00bb4.16&#8243; _module_preset=\u00bbdefault\u00bb locked=\u00bboff\u00bb global_colors_info=\u00bb{}\u00bb][et_pb_column type=\u00bb4_4&#8243; _builder_version=\u00bb4.16&#8243; _module_preset=\u00bbdefault\u00bb global_colors_info=\u00bb{}\u00bb][et_pb_text _builder_version=\u00bb4.27.2&#8243; _module_preset=\u00bbdefault\u00bb header_font=\u00bb|700|||||||\u00bb header_font_size=\u00bb34px\u00bb header_2_font=\u00bb|700|||||||\u00bb header_2_text_align=\u00bbcenter\u00bb header_2_font_size=\u00bb35px\u00bb header_2_line_height=\u00bb1.5em\u00bb max_width_tablet=\u00bb100%\u00bb max_width_phone=\u00bb100%\u00bb max_width_last_edited=\u00bboff|desktop\u00bb module_alignment=\u00bbleft\u00bb custom_margin=\u00bb||10px||false|false\u00bb header_2_font_size_tablet=\u00bb35px\u00bb header_2_font_size_phone=\u00bb30px\u00bb header_2_font_size_last_edited=\u00bbon|phone\u00bb locked=\u00bboff\u00bb global_colors_info=\u00bb{}\u00bb]<\/p>\n<h1>Pie de imprenta<\/h1>\n<p>[\/et_pb_text][et_pb_text _builder_version=\u00bb4.27.2&#8243; _module_preset=\u00bbdefault\u00bb global_colors_info=\u00bb{}\u00bb]<\/p>\n<p>Informaci\u00f3n seg\u00fan \u00a7 5 TMG<\/p>\n<p>ABP International GmbH J\u00fcdenstra\u00dfe 32 99974 Muehlhausen\/Turingia<\/p>\n<p>Tel\u00e9fono: +49 (0) 3601 7958-955 Fax: +49 (0) 3601 7958-954 info@abp-international.de<\/p>\n<p>Representado por: ABP International GmbH Michael James Sutton<\/p>\n<p>Inscripci\u00f3n en el registro: Jena Juzgado Local: HRB 515077<\/p>\n<p>N\u00famero de identificaci\u00f3n del impuesto sobre las ventas: N\u00famero de identificaci\u00f3n del impuesto sobre las ventas seg\u00fan la ley del impuesto sobre las ventas \u00a727a: DE72460903588<\/p>\n<p>[\/et_pb_text][\/et_pb_column][\/et_pb_row][\/et_pb_section]<\/p>\n","protected":false},"excerpt":{"rendered":"<p>Pie de imprentaInformaci\u00f3n seg\u00fan \u00a7 5 TMG ABP International GmbH J\u00fcdenstra\u00dfe 32 99974 Muehlhausen\/Turingia Tel\u00e9fono: +49 (0) 3601 7958-955 Fax: +49 (0) 3601 7958-954 info@abp-international.de Representado por: ABP International GmbH Michael James Sutton Inscripci\u00f3n en el registro: Jena Juzgado Local: HRB 515077 N\u00famero de identificaci\u00f3n del impuesto sobre las ventas: N\u00famero de identificaci\u00f3n del impuesto [&hellip;]<\/p>\n","protected":false},"author":1,"featured_media":0,"parent":0,"menu_order":0,"comment_status":"closed","ping_status":"closed","template":"","meta":{"_et_pb_use_builder":"on","_et_pb_old_content":"","_et_gb_content_width":"","footnotes":""},"dipi_cpt_category":[],"class_list":["post-25961766","page","type-page","status-publish","hentry"],"yoast_head":"<!-- This site is optimized with the Yoast SEO plugin v27.5 - https:\/\/yoast.com\/product\/yoast-seo-wordpress\/ -->\n<title>Pie de imprenta - ABP international<\/title>\n<meta name=\"robots\" content=\"index, follow, max-snippet:-1, max-image-preview:large, max-video-preview:-1\" \/>\n<link rel=\"canonical\" href=\"https:\/\/abp-international.de\/es\/pie-de-imprenta\/\" \/>\n<meta property=\"og:locale\" content=\"es_ES\" \/>\n<meta property=\"og:type\" content=\"article\" \/>\n<meta property=\"og:title\" content=\"Pie de imprenta - ABP international\" \/>\n<meta property=\"og:description\" content=\"Pie de imprentaInformaci\u00f3n seg\u00fan \u00a7 5 TMG ABP International GmbH J\u00fcdenstra\u00dfe 32 99974 Muehlhausen\/Turingia Tel\u00e9fono: +49 (0) 3601 7958-955 Fax: +49 (0) 3601 7958-954 info@abp-international.de Representado por: ABP International GmbH Michael James Sutton Inscripci\u00f3n en el registro: Jena Juzgado Local: HRB 515077 N\u00famero de identificaci\u00f3n del impuesto sobre las ventas: N\u00famero de identificaci\u00f3n del impuesto [&hellip;]\" \/>\n<meta property=\"og:url\" content=\"https:\/\/abp-international.de\/es\/pie-de-imprenta\/\" \/>\n<meta property=\"og:site_name\" content=\"ABP international\" \/>\n<meta property=\"article:modified_time\" content=\"2024-10-30T07:44:43+00:00\" \/>\n<meta name=\"twitter:card\" content=\"summary_large_image\" \/>\n<meta name=\"twitter:label1\" content=\"Tiempo de lectura\" \/>\n\t<meta name=\"twitter:data1\" content=\"1 minuto\" \/>\n<script type=\"application\/ld+json\" class=\"yoast-schema-graph\">{\"@context\":\"https:\\\/\\\/schema.org\",\"@graph\":[{\"@type\":\"WebPage\",\"@id\":\"https:\\\/\\\/abp-international.de\\\/es\\\/pie-de-imprenta\\\/\",\"url\":\"https:\\\/\\\/abp-international.de\\\/es\\\/pie-de-imprenta\\\/\",\"name\":\"Pie de imprenta - ABP international\",\"isPartOf\":{\"@id\":\"https:\\\/\\\/abp-international.de\\\/es\\\/#website\"},\"datePublished\":\"2024-10-08T12:31:58+00:00\",\"dateModified\":\"2024-10-30T07:44:43+00:00\",\"breadcrumb\":{\"@id\":\"https:\\\/\\\/abp-international.de\\\/es\\\/pie-de-imprenta\\\/#breadcrumb\"},\"inLanguage\":\"es\",\"potentialAction\":[{\"@type\":\"ReadAction\",\"target\":[\"https:\\\/\\\/abp-international.de\\\/es\\\/pie-de-imprenta\\\/\"]}]},{\"@type\":\"BreadcrumbList\",\"@id\":\"https:\\\/\\\/abp-international.de\\\/es\\\/pie-de-imprenta\\\/#breadcrumb\",\"itemListElement\":[{\"@type\":\"ListItem\",\"position\":1,\"name\":\"Startseite\",\"item\":\"https:\\\/\\\/abp-international.de\\\/es\\\/\"},{\"@type\":\"ListItem\",\"position\":2,\"name\":\"Pie de imprenta\"}]},{\"@type\":\"WebSite\",\"@id\":\"https:\\\/\\\/abp-international.de\\\/es\\\/#website\",\"url\":\"https:\\\/\\\/abp-international.de\\\/es\\\/\",\"name\":\"ABP international\",\"description\":\"\",\"potentialAction\":[{\"@type\":\"SearchAction\",\"target\":{\"@type\":\"EntryPoint\",\"urlTemplate\":\"https:\\\/\\\/abp-international.de\\\/es\\\/?s={search_term_string}\"},\"query-input\":{\"@type\":\"PropertyValueSpecification\",\"valueRequired\":true,\"valueName\":\"search_term_string\"}}],\"inLanguage\":\"es\"}]}<\/script>\n<!-- \/ Yoast SEO plugin. -->","yoast_head_json":{"title":"Pie de imprenta - ABP international","robots":{"index":"index","follow":"follow","max-snippet":"max-snippet:-1","max-image-preview":"max-image-preview:large","max-video-preview":"max-video-preview:-1"},"canonical":"https:\/\/abp-international.de\/es\/pie-de-imprenta\/","og_locale":"es_ES","og_type":"article","og_title":"Pie de imprenta - ABP international","og_description":"Pie de imprentaInformaci\u00f3n seg\u00fan \u00a7 5 TMG ABP International GmbH J\u00fcdenstra\u00dfe 32 99974 Muehlhausen\/Turingia Tel\u00e9fono: +49 (0) 3601 7958-955 Fax: +49 (0) 3601 7958-954 info@abp-international.de Representado por: ABP International GmbH Michael James Sutton Inscripci\u00f3n en el registro: Jena Juzgado Local: HRB 515077 N\u00famero de identificaci\u00f3n del impuesto sobre las ventas: N\u00famero de identificaci\u00f3n del impuesto [&hellip;]","og_url":"https:\/\/abp-international.de\/es\/pie-de-imprenta\/","og_site_name":"ABP international","article_modified_time":"2024-10-30T07:44:43+00:00","twitter_card":"summary_large_image","twitter_misc":{"Tiempo de lectura":"1 minuto"},"schema":{"@context":"https:\/\/schema.org","@graph":[{"@type":"WebPage","@id":"https:\/\/abp-international.de\/es\/pie-de-imprenta\/","url":"https:\/\/abp-international.de\/es\/pie-de-imprenta\/","name":"Pie de imprenta - ABP international","isPartOf":{"@id":"https:\/\/abp-international.de\/es\/#website"},"datePublished":"2024-10-08T12:31:58+00:00","dateModified":"2024-10-30T07:44:43+00:00","breadcrumb":{"@id":"https:\/\/abp-international.de\/es\/pie-de-imprenta\/#breadcrumb"},"inLanguage":"es","potentialAction":[{"@type":"ReadAction","target":["https:\/\/abp-international.de\/es\/pie-de-imprenta\/"]}]},{"@type":"BreadcrumbList","@id":"https:\/\/abp-international.de\/es\/pie-de-imprenta\/#breadcrumb","itemListElement":[{"@type":"ListItem","position":1,"name":"Startseite","item":"https:\/\/abp-international.de\/es\/"},{"@type":"ListItem","position":2,"name":"Pie de imprenta"}]},{"@type":"WebSite","@id":"https:\/\/abp-international.de\/es\/#website","url":"https:\/\/abp-international.de\/es\/","name":"ABP international","description":"","potentialAction":[{"@type":"SearchAction","target":{"@type":"EntryPoint","urlTemplate":"https:\/\/abp-international.de\/es\/?s={search_term_string}"},"query-input":{"@type":"PropertyValueSpecification","valueRequired":true,"valueName":"search_term_string"}}],"inLanguage":"es"}]}},"_links":{"self":[{"href":"https:\/\/abp-international.de\/es\/wp-json\/wp\/v2\/pages\/25961766","targetHints":{"allow":["GET"]}}],"collection":[{"href":"https:\/\/abp-international.de\/es\/wp-json\/wp\/v2\/pages"}],"about":[{"href":"https:\/\/abp-international.de\/es\/wp-json\/wp\/v2\/types\/page"}],"author":[{"embeddable":true,"href":"https:\/\/abp-international.de\/es\/wp-json\/wp\/v2\/users\/1"}],"replies":[{"embeddable":true,"href":"https:\/\/abp-international.de\/es\/wp-json\/wp\/v2\/comments?post=25961766"}],"version-history":[{"count":3,"href":"https:\/\/abp-international.de\/es\/wp-json\/wp\/v2\/pages\/25961766\/revisions"}],"predecessor-version":[{"id":25961940,"href":"https:\/\/abp-international.de\/es\/wp-json\/wp\/v2\/pages\/25961766\/revisions\/25961940"}],"wp:attachment":[{"href":"https:\/\/abp-international.de\/es\/wp-json\/wp\/v2\/media?parent=25961766"}],"wp:term":[{"taxonomy":"dipi_cpt_category","embeddable":true,"href":"https:\/\/abp-international.de\/es\/wp-json\/wp\/v2\/dipi_cpt_category?post=25961766"}],"curies":[{"name":"wp","href":"https:\/\/api.w.org\/{rel}","templated":true}]}}